{"id":2927,"date":"2019-11-07T11:21:48","date_gmt":"2019-11-07T10:21:48","guid":{"rendered":"http:\/\/serviceudvikler.dk\/?page_id=2927"},"modified":"2021-07-21T16:03:13","modified_gmt":"2021-07-21T14:03:13","slug":"vaerdi-og-ledelse","status":"publish","type":"page","link":"https:\/\/serviceudvikler.dk\/index.php\/omisu\/vaerdi-og-ledelse\/","title":{"rendered":"V\u00e6rdi og ledelse"},"content":{"rendered":"<div class=\"wpb-content-wrapper\"><p>[vc_row full_width=&#8221;stretch_row&#8221; hide_bg_image_on_tablet=&#8221;&#8221; hide_bg_image_on_mobile=&#8221;&#8221; css=&#8221;.vc_custom_1626876190985{background-color: #ffffff !important;}&#8221;][vc_column width=&#8221;2\/3&#8243;][vc_empty_space height=&#8221;3em&#8221; alter_height=&#8221;none&#8221; hide_on_desktop=&#8221;&#8221; hide_on_notebook=&#8221;&#8221; hide_on_tablet=&#8221;&#8221; hide_on_mobile=&#8221;&#8221;][vc_column_text]<strong>Hos ISU a\/s br\u00e6nder vi alle for at bidrage til en fortsat effektivisering og kvalitetsudvikling af velf\u00e6rdsservice \u2013 b\u00e5de inden for den offentlige og den private sektor.<\/strong><\/p>\n<p><strong>Virksomhedens \u201c\u00e5nd\u201d er derfor pr\u00e6get af medarbejdernes store faglige engagement og lysten til at skabe de bedste l\u00f8sninger for og i t\u00e6t samarbejde med vore kunder.<\/strong><\/p>\n<h3><span class=\"textheading3\">Eksterne v\u00e6rdier <\/span><\/h3>\n<p>ISU a\/s har en h\u00f8j etisk r\u00e5dgivningsstandard baseret p\u00e5 fortrolighed, klare aftaler og en h\u00f8j grad af videndeling. Opgavel\u00f8sningen tager altid udgangspunkt i kundernes s\u00e6rlige situation med henblik p\u00e5 at kunne skr\u00e6ddersy b\u00e6redygtige og lokalt forankrede l\u00f8sninger.<\/p>\n<h3><span class=\"textheading3\">Interne v\u00e6rdier <\/span><\/h3>\n<p>P\u00e5 de indre linjer tilstr\u00e6ber ISU a\/s, at alle medarbejdere har rum til faglig og personlig udvikling, ligesom en uformel og humoristisk omgangstone, \u00e5benhed, \u00e6rlighed og videndeling er n\u00f8gleord i bestr\u00e6belserne p\u00e5 at fastholde et godt arbejdsklima, hvor alle har lyst til og mulighed for at yde deres bedste for vores kunder.<\/p>\n<h3><span class=\"textheading3\">Ledelse <\/span><\/h3>\n<p>I ISU a\/s anvendes regler ikke som det prim\u00e6re styrings- og ledelsesinstrument. Styringen sker f\u00f8rst og fremmest via intern formidling af holdninger og forventninger. Af samme grund best\u00e5r ledelsens prim\u00e6re opgave i at fokusere p\u00e5 strategisk udvikling af virksomheden, samt at skabe de bedst mulige rammer for projekternes gennemf\u00f8relse og medarbejdernes trivsel.[\/vc_column_text][vc_empty_space alter_height=&#8221;medium&#8221; hide_on_desktop=&#8221;&#8221; hide_on_notebook=&#8221;&#8221; hide_on_tablet=&#8221;&#8221; hide_on_mobile=&#8221;&#8221;][\/vc_column][vc_column width=&#8221;1\/3&#8243;][vc_empty_space height=&#8221;3em&#8221; alter_height=&#8221;none&#8221; hide_on_desktop=&#8221;&#8221; hide_on_notebook=&#8221;&#8221; hide_on_tablet=&#8221;&#8221; hide_on_mobile=&#8221;&#8221;][vc_single_image image=&#8221;2380&#8243; img_size=&#8221;large&#8221; alignment=&#8221;center&#8221;][\/vc_column][\/vc_row][vc_row][vc_column][\/vc_column][\/vc_row]<\/p>\n<\/div>","protected":false},"excerpt":{"rendered":"<p>[vc_row full_width=&#8221;stretch_row&#8221; hide_bg_image_on_tablet=&#8221;&#8221; hide_bg_image_on_mobile=&#8221;&#8221; css=&#8221;.vc_custom_1626876190985{background-color: #ffffff !important;}&#8221;][vc_column width=&#8221;2\/3&#8243;][vc_empty_space height=&#8221;3em&#8221; alter_height=&#8221;none&#8221; hide_on_desktop=&#8221;&#8221; hide_on_notebook=&#8221;&#8221; hide_on_tablet=&#8221;&#8221; hide_on_mobile=&#8221;&#8221;][vc_column_text]Hos ISU a\/s br\u00e6nder vi alle for at bidrage til en fortsat effektivisering og kvalitetsudvikling af velf\u00e6rdsservice&hellip;<\/p>\n","protected":false},"author":5,"featured_media":0,"parent":439,"menu_order":0,"comment_status":"closed","ping_status":"closed","template":"","meta":{"footnotes":""},"class_list":["post-2927","page","type-page","status-publish","hentry"],"yoast_head":"<!-- This site is optimized with the Yoast SEO plugin v27.4 - https:\/\/yoast.com\/product\/yoast-seo-wordpress\/ -->\n<title>V\u00e6rdi og ledelse - ISU - serviceudvikler<\/title>\n<meta name=\"robots\" content=\"index, follow, max-snippet:-1, max-image-preview:large, max-video-preview:-1\" \/>\n<link rel=\"canonical\" href=\"https:\/\/serviceudvikler.dk\/index.php\/omisu\/vaerdi-og-ledelse\/\" \/>\n<meta property=\"og:locale\" content=\"da_DK\" \/>\n<meta property=\"og:type\" content=\"article\" \/>\n<meta property=\"og:title\" content=\"V\u00e6rdi og ledelse - ISU - serviceudvikler\" \/>\n<meta property=\"og:description\" content=\"[vc_row full_width=&#8221;stretch_row&#8221; hide_bg_image_on_tablet=&#8221;&#8221; hide_bg_image_on_mobile=&#8221;&#8221; css=&#8221;.vc_custom_1626876190985{background-color: #ffffff !important;}&#8221;][vc_column width=&#8221;2\/3&#8243;][vc_empty_space height=&#8221;3em&#8221; alter_height=&#8221;none&#8221; hide_on_desktop=&#8221;&#8221; hide_on_notebook=&#8221;&#8221; hide_on_tablet=&#8221;&#8221; hide_on_mobile=&#8221;&#8221;][vc_column_text]Hos ISU a\/s br\u00e6nder vi alle for at bidrage til en fortsat effektivisering og kvalitetsudvikling af velf\u00e6rdsservice&hellip;\" \/>\n<meta property=\"og:url\" content=\"https:\/\/serviceudvikler.dk\/index.php\/omisu\/vaerdi-og-ledelse\/\" \/>\n<meta property=\"og:site_name\" content=\"ISU - serviceudvikler\" \/>\n<meta property=\"article:modified_time\" content=\"2021-07-21T14:03:13+00:00\" \/>\n<meta name=\"twitter:card\" content=\"summary_large_image\" \/>\n<meta name=\"twitter:label1\" content=\"Estimeret l\u00e6setid\" \/>\n\t<meta name=\"twitter:data1\" content=\"2 minutter\" \/>\n<script type=\"application\/ld+json\" class=\"yoast-schema-graph\">{\"@context\":\"https:\\\/\\\/schema.org\",\"@graph\":[{\"@type\":\"WebPage\",\"@id\":\"https:\\\/\\\/serviceudvikler.dk\\\/index.php\\\/omisu\\\/vaerdi-og-ledelse\\\/\",\"url\":\"https:\\\/\\\/serviceudvikler.dk\\\/index.php\\\/omisu\\\/vaerdi-og-ledelse\\\/\",\"name\":\"V\u00e6rdi og ledelse - ISU - serviceudvikler\",\"isPartOf\":{\"@id\":\"https:\\\/\\\/serviceudvikler.dk\\\/#website\"},\"datePublished\":\"2019-11-07T10:21:48+00:00\",\"dateModified\":\"2021-07-21T14:03:13+00:00\",\"breadcrumb\":{\"@id\":\"https:\\\/\\\/serviceudvikler.dk\\\/index.php\\\/omisu\\\/vaerdi-og-ledelse\\\/#breadcrumb\"},\"inLanguage\":\"da-DK\",\"potentialAction\":[{\"@type\":\"ReadAction\",\"target\":[\"https:\\\/\\\/serviceudvikler.dk\\\/index.php\\\/omisu\\\/vaerdi-og-ledelse\\\/\"]}]},{\"@type\":\"BreadcrumbList\",\"@id\":\"https:\\\/\\\/serviceudvikler.dk\\\/index.php\\\/omisu\\\/vaerdi-og-ledelse\\\/#breadcrumb\",\"itemListElement\":[{\"@type\":\"ListItem\",\"position\":1,\"name\":\"Hjem\",\"item\":\"https:\\\/\\\/serviceudvikler.dk\\\/\"},{\"@type\":\"ListItem\",\"position\":2,\"name\":\"Om ISU\",\"item\":\"https:\\\/\\\/serviceudvikler.dk\\\/index.php\\\/omisu\\\/\"},{\"@type\":\"ListItem\",\"position\":3,\"name\":\"V\u00e6rdi og ledelse\"}]},{\"@type\":\"WebSite\",\"@id\":\"https:\\\/\\\/serviceudvikler.dk\\\/#website\",\"url\":\"https:\\\/\\\/serviceudvikler.dk\\\/\",\"name\":\"ISU - serviceudvikler\",\"description\":\"ISU - serviceudvikler\",\"publisher\":{\"@id\":\"https:\\\/\\\/serviceudvikler.dk\\\/#organization\"},\"potentialAction\":[{\"@type\":\"SearchAction\",\"target\":{\"@type\":\"EntryPoint\",\"urlTemplate\":\"https:\\\/\\\/serviceudvikler.dk\\\/?s={search_term_string}\"},\"query-input\":{\"@type\":\"PropertyValueSpecification\",\"valueRequired\":true,\"valueName\":\"search_term_string\"}}],\"inLanguage\":\"da-DK\"},{\"@type\":\"Organization\",\"@id\":\"https:\\\/\\\/serviceudvikler.dk\\\/#organization\",\"name\":\"ISU - serviceudvikler\",\"url\":\"https:\\\/\\\/serviceudvikler.dk\\\/\",\"logo\":{\"@type\":\"ImageObject\",\"inLanguage\":\"da-DK\",\"@id\":\"https:\\\/\\\/serviceudvikler.dk\\\/#\\\/schema\\\/logo\\\/image\\\/\",\"url\":\"https:\\\/\\\/serviceudvikler.dk\\\/wp-content\\\/uploads\\\/2018\\\/11\\\/cropped-LO-ISU-logo-512px.png\",\"contentUrl\":\"https:\\\/\\\/serviceudvikler.dk\\\/wp-content\\\/uploads\\\/2018\\\/11\\\/cropped-LO-ISU-logo-512px.png\",\"width\":512,\"height\":512,\"caption\":\"ISU - serviceudvikler\"},\"image\":{\"@id\":\"https:\\\/\\\/serviceudvikler.dk\\\/#\\\/schema\\\/logo\\\/image\\\/\"},\"sameAs\":[\"https:\\\/\\\/www.linkedin.com\\\/company\\\/82957\\\/\"]}]}<\/script>\n<!-- \/ Yoast SEO plugin. -->","yoast_head_json":{"title":"V\u00e6rdi og ledelse - ISU - serviceudvikler","robots":{"index":"index","follow":"follow","max-snippet":"max-snippet:-1","max-image-preview":"max-image-preview:large","max-video-preview":"max-video-preview:-1"},"canonical":"https:\/\/serviceudvikler.dk\/index.php\/omisu\/vaerdi-og-ledelse\/","og_locale":"da_DK","og_type":"article","og_title":"V\u00e6rdi og ledelse - ISU - serviceudvikler","og_description":"[vc_row full_width=&#8221;stretch_row&#8221; hide_bg_image_on_tablet=&#8221;&#8221; hide_bg_image_on_mobile=&#8221;&#8221; css=&#8221;.vc_custom_1626876190985{background-color: #ffffff !important;}&#8221;][vc_column width=&#8221;2\/3&#8243;][vc_empty_space height=&#8221;3em&#8221; alter_height=&#8221;none&#8221; hide_on_desktop=&#8221;&#8221; hide_on_notebook=&#8221;&#8221; hide_on_tablet=&#8221;&#8221; hide_on_mobile=&#8221;&#8221;][vc_column_text]Hos ISU a\/s br\u00e6nder vi alle for at bidrage til en fortsat effektivisering og kvalitetsudvikling af velf\u00e6rdsservice&hellip;","og_url":"https:\/\/serviceudvikler.dk\/index.php\/omisu\/vaerdi-og-ledelse\/","og_site_name":"ISU - serviceudvikler","article_modified_time":"2021-07-21T14:03:13+00:00","twitter_card":"summary_large_image","twitter_misc":{"Estimeret l\u00e6setid":"2 minutter"},"schema":{"@context":"https:\/\/schema.org","@graph":[{"@type":"WebPage","@id":"https:\/\/serviceudvikler.dk\/index.php\/omisu\/vaerdi-og-ledelse\/","url":"https:\/\/serviceudvikler.dk\/index.php\/omisu\/vaerdi-og-ledelse\/","name":"V\u00e6rdi og ledelse - ISU - serviceudvikler","isPartOf":{"@id":"https:\/\/serviceudvikler.dk\/#website"},"datePublished":"2019-11-07T10:21:48+00:00","dateModified":"2021-07-21T14:03:13+00:00","breadcrumb":{"@id":"https:\/\/serviceudvikler.dk\/index.php\/omisu\/vaerdi-og-ledelse\/#breadcrumb"},"inLanguage":"da-DK","potentialAction":[{"@type":"ReadAction","target":["https:\/\/serviceudvikler.dk\/index.php\/omisu\/vaerdi-og-ledelse\/"]}]},{"@type":"BreadcrumbList","@id":"https:\/\/serviceudvikler.dk\/index.php\/omisu\/vaerdi-og-ledelse\/#breadcrumb","itemListElement":[{"@type":"ListItem","position":1,"name":"Hjem","item":"https:\/\/serviceudvikler.dk\/"},{"@type":"ListItem","position":2,"name":"Om ISU","item":"https:\/\/serviceudvikler.dk\/index.php\/omisu\/"},{"@type":"ListItem","position":3,"name":"V\u00e6rdi og ledelse"}]},{"@type":"WebSite","@id":"https:\/\/serviceudvikler.dk\/#website","url":"https:\/\/serviceudvikler.dk\/","name":"ISU - serviceudvikler","description":"ISU - serviceudvikler","publisher":{"@id":"https:\/\/serviceudvikler.dk\/#organization"},"potentialAction":[{"@type":"SearchAction","target":{"@type":"EntryPoint","urlTemplate":"https:\/\/serviceudvikler.dk\/?s={search_term_string}"},"query-input":{"@type":"PropertyValueSpecification","valueRequired":true,"valueName":"search_term_string"}}],"inLanguage":"da-DK"},{"@type":"Organization","@id":"https:\/\/serviceudvikler.dk\/#organization","name":"ISU - serviceudvikler","url":"https:\/\/serviceudvikler.dk\/","logo":{"@type":"ImageObject","inLanguage":"da-DK","@id":"https:\/\/serviceudvikler.dk\/#\/schema\/logo\/image\/","url":"https:\/\/serviceudvikler.dk\/wp-content\/uploads\/2018\/11\/cropped-LO-ISU-logo-512px.png","contentUrl":"https:\/\/serviceudvikler.dk\/wp-content\/uploads\/2018\/11\/cropped-LO-ISU-logo-512px.png","width":512,"height":512,"caption":"ISU - serviceudvikler"},"image":{"@id":"https:\/\/serviceudvikler.dk\/#\/schema\/logo\/image\/"},"sameAs":["https:\/\/www.linkedin.com\/company\/82957\/"]}]}},"_links":{"self":[{"href":"https:\/\/serviceudvikler.dk\/index.php\/wp-json\/wp\/v2\/pages\/2927","targetHints":{"allow":["GET"]}}],"collection":[{"href":"https:\/\/serviceudvikler.dk\/index.php\/wp-json\/wp\/v2\/pages"}],"about":[{"href":"https:\/\/serviceudvikler.dk\/index.php\/wp-json\/wp\/v2\/types\/page"}],"author":[{"embeddable":true,"href":"https:\/\/serviceudvikler.dk\/index.php\/wp-json\/wp\/v2\/users\/5"}],"replies":[{"embeddable":true,"href":"https:\/\/serviceudvikler.dk\/index.php\/wp-json\/wp\/v2\/comments?post=2927"}],"version-history":[{"count":8,"href":"https:\/\/serviceudvikler.dk\/index.php\/wp-json\/wp\/v2\/pages\/2927\/revisions"}],"predecessor-version":[{"id":3290,"href":"https:\/\/serviceudvikler.dk\/index.php\/wp-json\/wp\/v2\/pages\/2927\/revisions\/3290"}],"up":[{"embeddable":true,"href":"https:\/\/serviceudvikler.dk\/index.php\/wp-json\/wp\/v2\/pages\/439"}],"wp:attachment":[{"href":"https:\/\/serviceudvikler.dk\/index.php\/wp-json\/wp\/v2\/media?parent=2927"}],"curies":[{"name":"wp","href":"https:\/\/api.w.org\/{rel}","templated":true}]}}